{"id":5098,"date":"2021-11-08T12:32:06","date_gmt":"2021-11-08T11:32:06","guid":{"rendered":"https:\/\/feministenlightenment.eu\/resources\/"},"modified":"2024-01-26T10:22:02","modified_gmt":"2024-01-26T09:22:02","slug":"resources","status":"publish","type":"page","link":"https:\/\/feministenlightenment.eu\/en\/resources\/","title":{"rendered":"Resources"},"content":{"rendered":"<div class=\"gb-container gb-container-5e79864c\"><div class=\"gb-inside-container\">\n\n<h2 class=\"gb-headline gb-headline-031a68ff gb-headline-text\">Research Bibliography<\/h2>\n\n\n\n<p>Astbury, Katherine, et al. <em>Femmes \u00e9ducatrices au si\u00e8cle des Lumi\u00e8res<\/em>. Presses universitaires de Rennes, 2016.<\/p>\n\n\n\n<p>Bannet, Eve Tavor. <em>The Domestic Revolution: Enlightenment Feminisms and the Novel<\/em>. John Hopkins University Press, 2000.<\/p>\n\n\n\n<p>Batchelor, Jennie, and Gillian Dow, editors. <em>Women\u2019s Writing 1660\u20131830: Feminisms and Futures<\/em>. Palgrave Macmillan, 2016.<\/p>\n\n\n\n<p>Bock, Gisela. <em>Frauen in der europ\u00e4ischen Geschichte: Vom Mittelalter bis zur Gegenwart<\/em>. C.H. Beck, 2000.<\/p>\n\n\n\n<p>Bock, Gisela, and Margarete Zimmermann, editors. <em>Die europ\u00e4ische Querelles des Femmes. Geschlechterdebatten seit dem 15. Jahrhundert. <\/em>J.B. Metzler, 1997.<\/p>\n\n\n\n<p>Bostic, Heidi. \u201cLiterary Women, Reason, and the Fiction of Enlightenment.\u201d <em>The French Review<\/em>, vol. 85, no. 6, 2012, 1024\u201338.<\/p>\n\n\n\n<p>Craciun, Adriana. <em>British Women Writers and the French Revolution: Citizens of the World<\/em>. Palgrave Macmillan, 2005.<\/p>\n\n\n\n<p>DeLucia, JoEllen. <em>A Feminine Enlightenment: British Women Writers and the Philosophy of Progress, 1759\u20131820<\/em>. Edinburgh University Press, 2015.<\/p>\n\n\n\n<p>Dubois-Nayt, Armel, Marie-\u00c9lisabeth Henneau, and Anne Paupert, editors. <em>Revisiter la \u2018querelle des femmes\u2019: Discours sur l\u2019\u00e9galit\u00e9\/in\u00e9galit\u00e9 des sexes en Europe, de 1400 \u00e0 1600<\/em>. Publications de l\u2019Universit\u00e9 de Saint-\u00c9tienne, 2013.<\/p>\n\n\n\n<p>Dubois-Nayt, Armel, Marie-\u00c9lisabeth Henneau, and Rotraud von Kulessa, editors. <em>Revisiter la \u2018querelle des femmes\u2019: Discours sur l\u2019\u00e9galit\u00e9\/in\u00e9galit\u00e9 des sexes en Europe, de 1400 aux lendemains de la R\u00e9volution<\/em>. Publications de l\u2019Universit\u00e9 de Saint-\u00c9tienne, 2015.<\/p>\n\n\n\n<p>Eger, Elizabeth. <em>Bluestockings: Women of Reason from Enlightenment to Romanticism<\/em>. Palgrave Macmillan, 2010.<\/p>\n\n\n\n<p>Engel, Gisela. <em>Geschlechterstreit am Beginn der europ\u00e4ischen Moderne: die Querelle des Femmes<\/em>. U. Helmer, 2004.<\/p>\n\n\n\n<p>Franklin, Caroline. \u201cEnlightenment Feminism and the Bluestocking Legacy.\u201d <em>The Cambridge Companion to Women\u2019s Writing in the Romantic Period<\/em>, edited by Devoney Looser, Cambridge University Press, 2015, 115\u201328.<\/p>\n\n\n\n<p>Haase-Dubosc, Danielle, and Marie-\u00c9lisabeth Henneau, editors. <em>Revisiter la \u2018querelle des femmes\u2019: Discours sur l\u2019\u00e9galit\u00e9\/in\u00e9galit\u00e9 des sexes en Europe, de 1600 \u00e0 1750<\/em>. Publications de l\u2019Universit\u00e9 de Saint-\u00c9tienne, 2013.<\/p>\n\n\n\n<p>Hayes, Julie Cander. \u201cSex and Gender, Feeling and Thinking: Imagining Women as Intellectuals.\u201d <em>The Cambridge Companion to the French Enlightenment<\/em>, edited by Daniel Brewer, Cambridge University Press, 2014, 91\u2013104.<\/p>\n\n\n\n<p>Hesse, Carla. <em>The Other Enlightenment: How French Women Became Modern<\/em>. Princeton University Press, 2018.<\/p>\n\n\n\n<p>Knott, Sarah, and Barbara Taylor, editors. <em>Women, Gender and Enlightenment<\/em>. Palgrave Macmillan, 2005.<\/p>\n\n\n\n<p>Lange, Lynda. <em>Feminist Interpretations of Jean-Jacques Rousseau<\/em>. Pennsylvania State University Press, 2002.<\/p>\n\n\n\n<p>Lee, Natasha. \u201cSex in Translation: Antoine L\u00e9onard Thomas\u2019s <em>Essai Sur Les Femmes<\/em> and the Enlightenment Debate on Women.\u201d <em>Eighteenth-Century Studies<\/em>, vol. 47, no. 4, 2014, 389\u2013405.<\/p>\n\n\n\n<p>Martus, Steffen. \u201eDie weibliche Aufkl\u00e4rung.\u201c <em>Aufkl\u00e4rung: Das deutsche 18. Jahrhundert &#8211; ein Epochenbild<\/em>, edited by Steffen Martus, 2nd ed., Rowohlt, 2015, 376\u201399.<\/p>\n\n\n\n<p>Nagl-Docekal, Herta, and Cornelia Klinger, editors.<em> Continental Philosophy in Feminist Perspective: Re-Reading the Canon in German<\/em>. Pennsylvania State University Press, 2000.<\/p>\n\n\n\n<p>Nielsen, Anne-Sophie S\u00f8rup. \u201cWere There Any Radical Women in the German Enlightenment? On Feminist History of Philosophy and Dorothea Erxleben\u2019s <em>Rigorous Investigation<\/em> (1742).\u201d <em>Intellectual History Review<\/em>, vol. 31, no. 1, 2021, 143\u201363.<\/p>\n\n\n\n<p>O\u2019Brien, Karen. <em>Women and Enlightenment in Eighteenth-Century Britain<\/em>. Cambridge University Press, 2009.<\/p>\n\n\n\n<p>Offen, Karen. <em>European Feminisms, 1700\u20131950: A Political History<\/em>. Stanford University Press, 2000.<\/p>\n\n\n\n<p>Offen, Karen. <em>The Woman Question in France, 1400\u20131870<\/em>. Cambridge University Press, 2017.<\/p>\n\n\n\n<p>Opitz-Belakhal, Claudia. <em>Streit um die Frauen und andere Studien zur fr\u00fchneuzeitlichen \u2018Querelle des femmes\u2019<\/em>. Ulrike Helmer Verlag, 2020.<\/p>\n\n\n\n<p>Pellegrin, Marie-F\u00e9d\u00e9rique. \u201cLa \u2018Querelle des femmes\u2019 est-elle une querelle? Philosophie et pseudo-lin\u00e9arit\u00e9 dans l\u2019histoire du f\u00e9minisme.\u201d <em>Seventeenth-Century French Studies<\/em>, vol. 35, no. 1, 2013, 69\u201379.<\/p>\n\n\n\n<p>Perkins, Pamela Ann. <em>Women Writers and the Edinburgh Enlightenment<\/em>. Brill, 2010.<\/p>\n\n\n\n<p>Pollak, Elle, editor. <em>A Cultural History of Women in the Age of Enlightenment<\/em>. Bloomsbury, 2016.<\/p>\n\n\n\n<p>Pollak, Ellen. \u201cThe Future of Feminist Theory and Eighteenth-Century Studies.\u201c <em>The Eighteenth Century<\/em>, vol. 50, no. 1, 2009, 13\u201320.<\/p>\n\n\n\n<p>Runia, Robin, series editor. <em>Early Modern Feminisms<\/em>. Book Series. University of Delaware Press.<\/p>\n\n\n\n<p>Runia, Robin. <em>The Future of Feminist Eighteenth-Century Scholarship: Beyond Recovery. <\/em>Routledge, 2020.<\/p>\n\n\n\n<p>Seth, Catriona. \u201cWomen\u2019s Voices in Enlightenment France.\u201d <em>A History of Modern French Literature: From the Sixteenth Century to the Twentieth Century<\/em>, edited by Christopher Prendergast and David Coward, Princeton University Press, 2017, 330\u201350.<\/p>\n\n\n\n<p>Steinbr\u00fcgge, Lieselotte, and Stephanie Morgenstern. \u201cFemininity and Critique of Reason in the French Enlightenment.\u201d <em>Continental Philosophy in Feminist Perspective: Re-Reading the Canon in German<\/em>, edited by Herta Nagl-Docekal and Cornelia Klinger, Pennsylvania State University Press, 2000, 31\u201344.<\/p>\n\n\n\n<p>Still, Judith. \u201cThe Enlightenment and Gender.\u201d <em>The Cambridge History of French Thought<\/em>, edited by Michael Moriarty and Jeremy Jennings, Cambridge University Press, 2019, 263\u201370.<\/p>\n\n\n\n<p>Stollberg-Rilinger, Barbara. \u201eEin Jahrhundert der Weiblichkeit?\u201c <em>Europa im Jahrhundert der Aufkl\u00e4rung<\/em>, edited by Barbara Stollberg-Rilinger, Reclam, 2006, 145\u201365.<\/p>\n\n\n\n<p>Stuurman, Siep. \u201cThe Feminist Impulse\u201d and \u201eCartesian Equality.\u201c <em>Fran\u00e7ois Poulain de la Barre and the Invention of Modern Equality<\/em>, edited by Siep Stuurman, Harvard University Press, 2004, 52\u201386 and 87\u2013123.<\/p>\n\n\n\n<p>Taylor, Barbara. \u201cEnlightenment and the Uses of Woman.\u201d <em>History Workshop Journal<\/em>, no. 74, 2012, 79\u201387.<\/p>\n\n\n\n<p>Taylor, Barbara. \u201cFeminism and the Enlightenment 1650\u20131850.\u201d <em>History Workshop Journal<\/em>, no. 47, 1999, 261\u201372.<\/p>\n\n\n\n<p>Viennot, \u00c9liane. <em>La querelle des femmes: ou \u2018N\u2019en parlons plus\u2019.<\/em> \u00c9ditions iXe, 2019.<\/p>\n\n\n\n<p>Walker, Lesley H. <em>A Mother\u2019s Love: Crafting Feminine Virtue in Enlightenment France<\/em>. Bucknell University Press, 2008.<\/p>\n\n\n\n<p>Wharton, Joanna. <em>Material Enlightenment: Women Writers and the Science of Mind, 1770\u20131830<\/em>. The Boydell Press in association with British Society for Eighteenth-Century Studies, 2018.<\/p>\n\n\n\n<h2 class=\"wp-block-heading\">Cooperation Partners<\/h2>\n\n\n\n<p>Content under development<\/p>\n\n\n\n<h2 class=\"gb-headline gb-headline-b8ac9781 gb-headline-text\">Links<\/h2>\n\n\n\n<p>Content under development<\/p>\n\n<\/div><\/div>\n<p><\/p>\n","protected":false},"excerpt":{"rendered":"<p>Research Bibliography Astbury, Katherine, et al. Femmes \u00e9ducatrices au si\u00e8cle des Lumi\u00e8res. Presses universitaires de Rennes, 2016. Bannet, Eve Tavor. The Domestic Revolution: Enlightenment Feminisms and the Novel. John Hopkins University Press, 2000. Batchelor, Jennie, and Gillian Dow, editors. Women\u2019s Writing 1660\u20131830: Feminisms and Futures. Palgrave Macmillan, 2016. Bock, Gisela. Frauen in der europ\u00e4ischen Geschichte: &#8230; <a title=\"Resources\" class=\"read-more\" href=\"https:\/\/feministenlightenment.eu\/en\/resources\/\" aria-label=\"More on Resources\">Read more<\/a><\/p>\n","protected":false},"author":1,"featured_media":0,"parent":0,"menu_order":3,"comment_status":"closed","ping_status":"closed","template":"","meta":{"footnotes":""},"class_list":["post-5098","page","type-page","status-publish"],"_links":{"self":[{"href":"https:\/\/feministenlightenment.eu\/en\/wp-json\/wp\/v2\/pages\/5098","targetHints":{"allow":["GET"]}}],"collection":[{"href":"https:\/\/feministenlightenment.eu\/en\/wp-json\/wp\/v2\/pages"}],"about":[{"href":"https:\/\/feministenlightenment.eu\/en\/wp-json\/wp\/v2\/types\/page"}],"author":[{"embeddable":true,"href":"https:\/\/feministenlightenment.eu\/en\/wp-json\/wp\/v2\/users\/1"}],"replies":[{"embeddable":true,"href":"https:\/\/feministenlightenment.eu\/en\/wp-json\/wp\/v2\/comments?post=5098"}],"version-history":[{"count":6,"href":"https:\/\/feministenlightenment.eu\/en\/wp-json\/wp\/v2\/pages\/5098\/revisions"}],"predecessor-version":[{"id":5302,"href":"https:\/\/feministenlightenment.eu\/en\/wp-json\/wp\/v2\/pages\/5098\/revisions\/5302"}],"wp:attachment":[{"href":"https:\/\/feministenlightenment.eu\/en\/wp-json\/wp\/v2\/media?parent=5098"}],"curies":[{"name":"wp","href":"https:\/\/api.w.org\/{rel}","templated":true}]}}